{"id":1869,"date":"2019-05-07T11:05:42","date_gmt":"2019-05-07T09:05:42","guid":{"rendered":"https:\/\/www.lesdunessuitesbenidorm.com\/?page_id=1869"},"modified":"2026-01-12T10:46:09","modified_gmt":"2026-01-12T09:46:09","slug":"avisos-legales","status":"publish","type":"page","link":"https:\/\/www.lesdunessuitesbenidorm.com\/fr\/avisos-legales\/","title":{"rendered":"Avisos Legales"},"content":{"rendered":"<p>Le pr\u00e9sent avis juridique r\u00e9git les conditions g\u00e9n\u00e9rales d&rsquo;acc\u00e8s et d&rsquo;utilisation du site Web accessible \u00e0 l&rsquo;adresse URL https:\/\/www.lesdunessuitesbenidorm.com (ci-apr\u00e8s, le site Web), qui Inmobiliaria Les Dunes S.L. L\u2019utilisation du site Web implique l\u2019acceptation enti\u00e8re et sans r\u00e9serve de chacune des dispositions contenues dans le pr\u00e9sent avis juridique. Par cons\u00e9quent, l&rsquo;utilisateur du site Web doit lire attentivement le pr\u00e9sent avis juridique chaque fois qu&rsquo;il compte utiliser le site Web, car le texte peut subir des modifications \u00e0 la discr\u00e9tion du propri\u00e9taire du site Web ou en raison d&rsquo;un changement l\u00e9gislatif. , jurisprudentielle ou dans la pratique des affaires.<\/p>\n<p>&nbsp;<\/p>\n<div id=\"clickdatos\">\n<h2>1.- TITULARITE DU SITE WEB.<\/h2>\n<p>Raz\u00f3n Social de la Empresa: Inmobiliaria Les Dunes S.L.<br \/>\nNombre del titular: Inmobiliaria Les Dunes S.L.<br \/>\nDomicilio social: Avda. Madrid, 10<br \/>\nPoblaci\u00f3n: Benidorm<br \/>\nProvincia: Alicante<br \/>\nC.P.: 03503<br \/>\nC.I.F.\/D.N.I.: B03341757<br \/>\nTel\u00e9fono de contacto: 966804403<br \/>\nCorreo electr\u00f3nico: info@lesdunessuites.com<br \/>\nDatos registrales:<\/p>\n<h2>2.- OBJET.<\/h2>\n<p>Le site Web offre \u00e0 ses utilisateurs un acc\u00e8s aux informations et aux services fournis par Inmobiliaria Les Dunes S.L. \u00e0 ces personnes ou organisations int\u00e9ress\u00e9es.<\/p>\n<h2>3.- ACC\u00c8S ET UTILISATION DU WEB.<\/h2>\n<p>3.1.- Acc\u00e8s gratuit et utilisation du Web L&rsquo;acc\u00e8s au site est gratuit pour les utilisateurs du site Web.<br \/>\n3.2.- Enregistrement de l&rsquo;utilisateur.Avec l&rsquo;acc\u00e8s g\u00e9n\u00e9ral et l&rsquo;utilisation du site ne n\u00e9cessite pas d&rsquo;abonnement pr\u00e9alable ou l&rsquo;enregistrement des utilisateurs de celui-ci.<\/p>\n<h2>4.- CONTENU DU WEB.<\/h2>\n<p>La langue utilis\u00e9e par le propri\u00e9taire sur le Web sera l&rsquo;espagnol. Immobilier Les Dunes S.L. n&rsquo;est pas responsable du manque de compr\u00e9hension de la langue du site web par l&rsquo;utilisateur, ni de ses cons\u00e9quences. Immobilier Les Dunes S.L. peuvent modifier le contenu sans notification pr\u00e9alable, ainsi que supprimer et modifier ceux-ci sur le Web, tels que la fa\u00e7on dont ils sont consult\u00e9s, sans aucune justification et librement, n&rsquo;\u00e9tant pas responsables des cons\u00e9quences qu&rsquo;ils peuvent entra\u00eener pour les utilisateurs. interdit l&rsquo;utilisation du contenu du site Web pour promouvoir, louer ou diffuser de la publicit\u00e9 ou des informations personnelles ou \u00e9manant de tiers sans l&rsquo;autorisation d&rsquo;Inmobiliaria Les Dunes SL, ni envoyer de la publicit\u00e9 ou des informations en utilisant les services ou les informations mis \u00e0 disposition Les liens ou hyperliens incorporant des tiers dans leurs pages Web, dirig\u00e9s vers ce site Web, serviront \u00e0 l\u2019ouverture de la page Web compl\u00e8te, ne pouvant pas donner, directement ou indirectement, d\u2019indications. fausse, inexacte ou d\u00e9routante, ni ne se livrer \u00e0 des actions injustes ou illicites contre Inmobiliaria Les Dunes SL<\/p>\n<h2>5.- LIMITATION DE RESPONSABILIT\u00c9.<\/h2>\n<p>L\u2019acc\u00e8s au Web et l\u2019utilisation non r\u00e9fl\u00e9chie qui peut \u00eatre faite des informations qu\u2019il contient sont sous la seule responsabilit\u00e9 de la personne qui les exploite. Immobilier Les Dunes S.L. ne sera pas responsable des cons\u00e9quences, dommages ou pr\u00e9judices pouvant d\u00e9couler de cet acc\u00e8s ou de cette utilisation. Immobilier Les Dunes S.L. n&rsquo;est pas responsable des erreurs de s\u00e9curit\u00e9 pouvant survenir ou des dommages pouvant \u00eatre caus\u00e9s au syst\u00e8me informatique de l&rsquo;utilisateur (mat\u00e9riel et logiciel), ou aux fichiers ou documents qui y sont stock\u00e9s, en raison: &#8211; de la pr\u00e9sence de un virus sur l&rsquo;ordinateur de l&rsquo;utilisateur qui est utilis\u00e9 pour la connexion aux services et aux contenus du Web, &#8211; \u00e0 un mauvais fonctionnement du navigateur, &#8211; et \/ ou \u00e0 l&rsquo;utilisation de versions non mises \u00e0 jour de celui-ci Inmobiliaria Les Dunes SL n&rsquo;est pas responsable de la fiabilit\u00e9 et de la rapidit\u00e9 des liens hypertextes incorpor\u00e9s dans le Web pour permettre leur ouverture. Immobilier Les Dunes S.L. ne garantit pas l&rsquo;utilit\u00e9 de ces liens, ni n&rsquo;est responsable du contenu ou des services auxquels l&rsquo;utilisateur peut acc\u00e9der par l&rsquo;interm\u00e9diaire de ces liens, ou du bon fonctionnement de ces sites. Inmobiliaria Les Dunes S.L. ne sera pas responsable des virus ou autres programmes informatiques qui se d\u00e9t\u00e9riorent ou peuvent endommager les syst\u00e8mes ou ordinateurs des utilisateurs lorsqu&rsquo;ils acc\u00e8dent \u00e0 votre site Web ou \u00e0 d&rsquo;autres sites Web ayant \u00e9t\u00e9 acc\u00e9d\u00e9s via des liens situ\u00e9s sur ce site Web.<\/p>\n<h2>6.- UTILISATION DE LA TECHNOLOGIE \u00ab\u00a0COOKIES.<\/h2>\n<p>Le site Web n&rsquo;utilise ni cookies ni aucune autre m\u00e9thode invisible de collecte des informations lorsque l&rsquo;utilisateur navigue, en respectant la confidentialit\u00e9 et la confidentialit\u00e9 \u00e0 tout moment. * SI DES COOKIES SONT UTILIS\u00c9S, CONSULTER UNE COMMUNICATION SUR L&rsquo;UTILISATION DES COOKIES Le site utilise des cookies, vous pouvez v\u00e9rifier notre politique de cookies, qui respecte \u00e0 tout moment la confidentialit\u00e9 et la confidentialit\u00e9 de la m\u00eame chose.<\/p>\n<h2>7.- PROPRI\u00c9T\u00c9 INTELLECTUELLE ET INDUSTRIELLE.<\/h2>\n<p>Ils sont la propri\u00e9t\u00e9 d\u2019Inmobiliaria Les Dunes S.L., tous les droits de propri\u00e9t\u00e9 industrielle et intellectuelle du Web, ainsi que le contenu qu\u2019il h\u00e9berge. Toute utilisation du Web ou de son contenu doit avoir un caract\u00e8re exclusivement particulier. Il est r\u00e9serv\u00e9 exclusivement \u00e0 &#8230;&#8230;&#8230;., Toute autre utilisation impliquant la copie, la reproduction, la distribution, la transformation, la communication publique ou toute autre action similaire, de tout ou partie du contenu de l&rsquo;Internet, pour ce qu&rsquo;aucun utilisateur ne peut faire pour r\u00e9aliser ces actions sans l&rsquo;autorisation \u00e9crite pr\u00e9alable d&rsquo;Inmobiliaria Les Dunes SL<\/p>\n<h2>8.- POLITIQUE DE CONFIDENTIALIT\u00c9 ET PROTECTION DES DONN\u00c9ES<\/h2>\n<p>Immobilier Les Dunes S.L. garantit la protection et la confidentialit\u00e9 des donn\u00e9es personnelles, de quelque nature que ce soit, fournies par nos soci\u00e9t\u00e9s clientes conform\u00e9ment aux dispositions de la loi organique 15\/1999 du 13 d\u00e9cembre sur la protection des donn\u00e9es personnelles. entreprises clientes \u00e0 Inmobiliaria Les Dunes SL ou votre personnel, seront inclus dans un fichier de donn\u00e9es \u00e0 caract\u00e8re personnel automatis\u00e9 cr\u00e9\u00e9 et conserv\u00e9 sous la responsabilit\u00e9 de Inmobiliaria Les Dunes SL, indispensable pour fournir les services demand\u00e9s par les utilisateurs. Les donn\u00e9es fournies seront trait\u00e9es conform\u00e9ment au r\u00e8glement sur les mesures de s\u00e9curit\u00e9 ( D\u00e9cret royal 1720\/2007 du 21 d\u00e9cembre), dans ce sens, Inmobiliaria Les Dunes SL elle a adopt\u00e9 les niveaux de protection l\u00e9galement requis et a mis en place toutes les mesures techniques \u00e0 sa disposition pour \u00e9viter les pertes, les utilisations abusives, les modifications et les acc\u00e8s non autoris\u00e9s par des tiers. Cependant, l&rsquo;utilisateur doit savoir que les mesures de s\u00e9curit\u00e9 sur Internet ne sont pas infranchissables. Si vous estimez qu&rsquo;il est appropri\u00e9 de transf\u00e9rer vos donn\u00e9es personnelles \u00e0 d&rsquo;autres entit\u00e9s, l&rsquo;utilisateur sera inform\u00e9 des donn\u00e9es fournies, de la finalit\u00e9 du fichier ainsi que du nom et de l&rsquo;adresse du destinataire du transfert, afin d&rsquo;obtenir leur consentement sans \u00e9quivoque. respect des dispositions de la RGPD, l&rsquo;utilisateur peut exercer ses droits d&rsquo;acc\u00e8s, de rectification, d&rsquo;annulation et d&rsquo;opposition. Pour cela, vous devez nous contacter \u00e0 info@lesdunessuites.com<\/p>\n<h2>9.- L\u00c9GISLATION APPLICABLE ET JURIDICTION COMP\u00c9TENTE.<\/h2>\n<p>Cet avis juridique sera interpr\u00e9t\u00e9 et r\u00e9gi conform\u00e9ment \u00e0 la l\u00e9gislation espagnole. Immobilier Les Dunes S.L. et les utilisateurs, renon\u00e7ant express\u00e9ment \u00e0 toute autre juridiction comp\u00e9tente, se soumettent aux cours et tribunaux du domicile de l&rsquo;utilisateur pour tout diff\u00e9rend pouvant d\u00e9couler de l&rsquo;acc\u00e8s au site Web ou de son utilisation. Si l\u2019utilisateur a son domicile hors d\u2019Espagne, Inmobiliaria Les Dunes S.L. et l&rsquo;utilisateur, soumettent, renon\u00e7ant express\u00e9ment \u00e0 toute autre juridiction, aux cours et tribunaux du domicile d&rsquo;Inmobiliaria Les Dunes S.L.<\/p>\n<\/div>\n","protected":false},"excerpt":{"rendered":"<p>Le pr\u00e9sent avis juridique r\u00e9git les conditions g\u00e9n\u00e9rales d&rsquo;acc\u00e8s et d&rsquo;utilisation du site Web accessible \u00e0 l&rsquo;adresse URL https:\/\/www.lesdunessuitesbenidorm.com (ci-apr\u00e8s, le site Web), qui Inmobiliaria Les Dunes S.L. L\u2019utilisation du site Web implique l\u2019acceptation enti\u00e8re et sans r\u00e9serve de chacune des dispositions contenues dans le pr\u00e9sent avis juridique. Par cons\u00e9quent, l&rsquo;utilisateur du site Web doit [&hellip;]<\/p>\n","protected":false},"author":3,"featured_media":0,"parent":0,"menu_order":0,"comment_status":"closed","ping_status":"closed","template":"","meta":{"_et_pb_use_builder":"off","_et_pb_old_content":"","_et_gb_content_width":"","footnotes":""},"class_list":["post-1869","page","type-page","status-publish","hentry"],"_links":{"self":[{"href":"https:\/\/www.lesdunessuitesbenidorm.com\/fr\/wp-json\/wp\/v2\/pages\/1869","targetHints":{"allow":["GET"]}}],"collection":[{"href":"https:\/\/www.lesdunessuitesbenidorm.com\/fr\/wp-json\/wp\/v2\/pages"}],"about":[{"href":"https:\/\/www.lesdunessuitesbenidorm.com\/fr\/wp-json\/wp\/v2\/types\/page"}],"author":[{"embeddable":true,"href":"https:\/\/www.lesdunessuitesbenidorm.com\/fr\/wp-json\/wp\/v2\/users\/3"}],"replies":[{"embeddable":true,"href":"https:\/\/www.lesdunessuitesbenidorm.com\/fr\/wp-json\/wp\/v2\/comments?post=1869"}],"version-history":[{"count":1,"href":"https:\/\/www.lesdunessuitesbenidorm.com\/fr\/wp-json\/wp\/v2\/pages\/1869\/revisions"}],"predecessor-version":[{"id":3002,"href":"https:\/\/www.lesdunessuitesbenidorm.com\/fr\/wp-json\/wp\/v2\/pages\/1869\/revisions\/3002"}],"wp:attachment":[{"href":"https:\/\/www.lesdunessuitesbenidorm.com\/fr\/wp-json\/wp\/v2\/media?parent=1869"}],"curies":[{"name":"wp","href":"https:\/\/api.w.org\/{rel}","templated":true}]}}