{"id":1657,"date":"2018-05-24T12:25:45","date_gmt":"2018-05-24T10:25:45","guid":{"rendered":"https:\/\/www.lesdunessuitesbenidorm.com\/politica-de-privacidad\/"},"modified":"2019-04-05T15:52:09","modified_gmt":"2019-04-05T13:52:09","slug":"politique-de-confidentialite","status":"publish","type":"page","link":"https:\/\/www.lesdunessuitesbenidorm.com\/fr\/politique-de-confidentialite\/","title":{"rendered":"Pol\u00edtica de Privacidad"},"content":{"rendered":"<p><strong>Protection des donn\u00e9es personnelles<\/strong><\/p>\n<p>Dans le cadre du respect de la l\u00e9gislation en vigueur, contenue dans la loi organique 15\/1999 du 13 d\u00e9cembre sur la protection des donn\u00e9es \u00e0 caract\u00e8re personnel (LOPD), qui a pour but de garantir et de prot\u00e9ger, en ce qui concerne le traitement des donn\u00e9es personnelles, libert\u00e9s et droits fondamentaux des individus, et notamment leur honneur et leur vie priv\u00e9e, INMOBILIARIA LES DUNES SL (ci-apr\u00e8s \u00abLES DUNES SUITES\u00bb) informe les utilisateurs que: &#8211; LES DUNES SUITES a adopt\u00e9 les mesures techniques et organisationnelles conform\u00e9ment \u00e0 la l\u00e9gislation en vigueur, &#8211; LES DUNES SUITES a adopt\u00e9 les niveaux de s\u00e9curit\u00e9 appropri\u00e9s aux donn\u00e9es ils facilitent et, en outre, tous les moyens et mesures techniques \u00e0 leur disposition ont \u00e9t\u00e9 install\u00e9s pour emp\u00eacher la perte, l&rsquo;utilisation abusive, la modification, l&rsquo;acc\u00e8s non autoris\u00e9 et le vol des donn\u00e9es qu&rsquo;ils fournissent.<\/p>\n<p>L&rsquo;utilisateur peut, \u00e0 tout moment, exercer les droits reconnus dans la LOPD, acc\u00e8s, rectification, annulation et opposition. L\u2019exercice de ces droits peut \u00eatre effectu\u00e9 par l\u2019utilisateur en envoyant un courrier \u00e9lectronique \u00e0 info@lesdunessuitesbenidorm.com ou \u00e0 l\u2019adresse postale indiqu\u00e9e ci-dessus.<\/p>\n","protected":false},"excerpt":{"rendered":"<p>Protection des donn\u00e9es personnelles Dans le cadre du respect de la l\u00e9gislation en vigueur, contenue dans la loi organique 15\/1999 du 13 d\u00e9cembre sur la protection des donn\u00e9es \u00e0 caract\u00e8re personnel (LOPD), qui a pour but de garantir et de prot\u00e9ger, en ce qui concerne le traitement des donn\u00e9es personnelles, libert\u00e9s et droits fondamentaux des [&hellip;]<\/p>\n","protected":false},"author":3,"featured_media":0,"parent":0,"menu_order":0,"comment_status":"closed","ping_status":"closed","template":"","meta":{"_et_pb_use_builder":"","_et_pb_old_content":"","_et_gb_content_width":"","footnotes":""},"class_list":["post-1657","page","type-page","status-publish","hentry"],"_links":{"self":[{"href":"https:\/\/www.lesdunessuitesbenidorm.com\/fr\/wp-json\/wp\/v2\/pages\/1657","targetHints":{"allow":["GET"]}}],"collection":[{"href":"https:\/\/www.lesdunessuitesbenidorm.com\/fr\/wp-json\/wp\/v2\/pages"}],"about":[{"href":"https:\/\/www.lesdunessuitesbenidorm.com\/fr\/wp-json\/wp\/v2\/types\/page"}],"author":[{"embeddable":true,"href":"https:\/\/www.lesdunessuitesbenidorm.com\/fr\/wp-json\/wp\/v2\/users\/3"}],"replies":[{"embeddable":true,"href":"https:\/\/www.lesdunessuitesbenidorm.com\/fr\/wp-json\/wp\/v2\/comments?post=1657"}],"version-history":[{"count":0,"href":"https:\/\/www.lesdunessuitesbenidorm.com\/fr\/wp-json\/wp\/v2\/pages\/1657\/revisions"}],"wp:attachment":[{"href":"https:\/\/www.lesdunessuitesbenidorm.com\/fr\/wp-json\/wp\/v2\/media?parent=1657"}],"curies":[{"name":"wp","href":"https:\/\/api.w.org\/{rel}","templated":true}]}}