{"id":1652,"date":"2018-05-24T12:11:45","date_gmt":"2018-05-24T10:11:45","guid":{"rendered":"https:\/\/www.lesdunessuitesbenidorm.com\/terminos-y-condiciones\/"},"modified":"2019-04-05T15:46:16","modified_gmt":"2019-04-05T13:46:16","slug":"termes-et-conditions","status":"publish","type":"page","link":"https:\/\/www.lesdunessuitesbenidorm.com\/fr\/termes-et-conditions\/","title":{"rendered":"Termes et conditions"},"content":{"rendered":"<p><strong>CONDITIONS DE RESERVATION<\/strong><\/p>\n<p><strong>Annulation<\/strong><\/p>\n<p>1. En cas d&rsquo;annulation de la r\u00e9servation par le client, l&rsquo;entreprise aura le droit de recevoir les frais de gestion d\u00fbment justifi\u00e9s. Sauf en cas de force majeure d\u00e9montrable du client, la soci\u00e9t\u00e9 aura \u00e9galement droit \u00e0 une indemnit\u00e9 consistant en:<br \/>\na) 10% de l\u2019avance vis\u00e9e \u00e0 l\u2019article pr\u00e9c\u00e9dent lorsque ladite annulation est faite plus de 30 jours avant l\u2019\u00e9ch\u00e9ance fix\u00e9e pour l&rsquo;occupation du logement.<br \/>\nb) 50% lorsqu&rsquo;il est fabriqu\u00e9 plus de 7 jours et jusqu&rsquo;\u00e0 30 jours \u00e0 l&rsquo;avance.<br \/>\nc) 100% lorsque l&rsquo;annulation est faite 7 jours ou moins \u00e0 l&rsquo;avance. Le montant r\u00e9sultant de l&rsquo;application des pourcentages ci-dessus peut \u00eatre retenu sur l&rsquo;avance pay\u00e9e, le cas \u00e9ch\u00e9ant, par le client. Les co\u00fbts de gestion justifi\u00e9s peuvent \u00e9galement \u00eatre conserv\u00e9s s\u2019il existe un solde.<\/p>\n<p>2. Lorsque l&rsquo;\u00e9tablissement qui n&rsquo;assiste pas \u00e0 la r\u00e9servation confirm\u00e9e par lui, donnera au client l&rsquo;option entre:<br \/>\na) Occuper un autre logement de caract\u00e9ristiques et de cat\u00e9gorie \u00e9gales ou sup\u00e9rieures.<br \/>\nb) Compensation d&rsquo;un montant \u00e9gal au double de l&rsquo;avance r\u00e9alis\u00e9e.<\/p>\n<p><strong>Paiement du prix<\/strong><\/p>\n<p>Les clients sont tenus de payer le prix des services factur\u00e9s aux dates et lieux convenus. En l&rsquo;absence d&rsquo;accord, il sera entendu que le paiement doit \u00eatre effectu\u00e9 dans le m\u00eame \u00e9tablissement et au moment o\u00f9 la facture a \u00e9t\u00e9 pr\u00e9sent\u00e9e \u00e0 la perception, sans pr\u00e9judice du fait que le paiement anticip\u00e9 des services \u00e0 rendre peut \u00eatre requis.<\/p>\n<p>Les clients sont tenus de payer le prix des services factur\u00e9s aux dates et lieux convenus. En l&rsquo;absence d&rsquo;accord, il sera entendu que le paiement doit \u00eatre effectu\u00e9 dans le m\u00eame \u00e9tablissement et au moment o\u00f9 la facture a \u00e9t\u00e9 pr\u00e9sent\u00e9e \u00e0 la perception, sans pr\u00e9judice du fait que le paiement anticip\u00e9 des services \u00e0 rendre peut \u00eatre requis.<\/p>\n","protected":false},"excerpt":{"rendered":"<p>CONDITIONS DE RESERVATION Annulation 1. En cas d&rsquo;annulation de la r\u00e9servation par le client, l&rsquo;entreprise aura le droit de recevoir les frais de gestion d\u00fbment justifi\u00e9s. Sauf en cas de force majeure d\u00e9montrable du client, la soci\u00e9t\u00e9 aura \u00e9galement droit \u00e0 une indemnit\u00e9 consistant en: a) 10% de l\u2019avance vis\u00e9e \u00e0 l\u2019article pr\u00e9c\u00e9dent lorsque ladite [&hellip;]<\/p>\n","protected":false},"author":3,"featured_media":0,"parent":0,"menu_order":0,"comment_status":"closed","ping_status":"closed","template":"","meta":{"_et_pb_use_builder":"","_et_pb_old_content":"","_et_gb_content_width":"","footnotes":""},"class_list":["post-1652","page","type-page","status-publish","hentry"],"_links":{"self":[{"href":"https:\/\/www.lesdunessuitesbenidorm.com\/fr\/wp-json\/wp\/v2\/pages\/1652","targetHints":{"allow":["GET"]}}],"collection":[{"href":"https:\/\/www.lesdunessuitesbenidorm.com\/fr\/wp-json\/wp\/v2\/pages"}],"about":[{"href":"https:\/\/www.lesdunessuitesbenidorm.com\/fr\/wp-json\/wp\/v2\/types\/page"}],"author":[{"embeddable":true,"href":"https:\/\/www.lesdunessuitesbenidorm.com\/fr\/wp-json\/wp\/v2\/users\/3"}],"replies":[{"embeddable":true,"href":"https:\/\/www.lesdunessuitesbenidorm.com\/fr\/wp-json\/wp\/v2\/comments?post=1652"}],"version-history":[{"count":0,"href":"https:\/\/www.lesdunessuitesbenidorm.com\/fr\/wp-json\/wp\/v2\/pages\/1652\/revisions"}],"wp:attachment":[{"href":"https:\/\/www.lesdunessuitesbenidorm.com\/fr\/wp-json\/wp\/v2\/media?parent=1652"}],"curies":[{"name":"wp","href":"https:\/\/api.w.org\/{rel}","templated":true}]}}