{"id":1647,"date":"2018-05-30T10:00:04","date_gmt":"2018-05-30T08:00:04","guid":{"rendered":"https:\/\/www.lesdunessuitesbenidorm.com\/aviso-legal\/"},"modified":"2026-01-12T10:45:56","modified_gmt":"2026-01-12T09:45:56","slug":"avis-juridique","status":"publish","type":"page","link":"https:\/\/www.lesdunessuitesbenidorm.com\/fr\/avis-juridique\/","title":{"rendered":"Avis juridique"},"content":{"rendered":"<p>Conform\u00e9ment \u00e0 l&rsquo;article 10 de la loi n \u00b0 34\/2002 du 11 juillet sur les services de la soci\u00e9t\u00e9 de l&rsquo;information et du commerce \u00e9lectronique (LSSIC E), les donn\u00e9es d&rsquo;identification de la soci\u00e9t\u00e9 sont pr\u00e9sent\u00e9es ci-dessous.<\/p>\n<p><strong>Denominaci\u00f3n social:<br \/>\n<\/strong><strong>Inmobiliaria Les Dunes S.L.<\/strong><\/p>\n<p>Num\u00e9ro d&rsquo;identification fiscale: B03341757. Registre du commerce d&rsquo;Alicante<\/p>\n<p>Si\u00e9ge social: Avda. Madrid, 10, 03503\u00a0\u00a0 Benidorm<br \/>\n966804403, 966805106,\u00a0 <a href=\"mailto:info@lesdunessuitesbenidorm.com\">info@lesdunessuitesbenidorm.com<\/a><\/p>\n<p><strong>Objet<\/strong><br \/>\nImmobilier Les Dunes S.L. (\u00ab\u00a0CLIENT\u00a0\u00bb) (ci-apr\u00e8s le fournisseur), responsable du site, met \u00e0 la disposition des utilisateurs le pr\u00e9sent document avec lequel il entend se conformer aux obligations \u00e9nonc\u00e9es dans la loi 34\/2002 sur les services de la Soci\u00e9t\u00e9 de la Information et commerce \u00e9lectronique (LSSI-C E), ainsi qu\u2019informer tous les utilisateurs du site Web des conditions d\u2019utilisation du site.<\/p>\n<p>Toute personne acc\u00e9dant \u00e0 ce site Web assume le r\u00f4le d\u2019utilisateur, s\u2019engageant \u00e0 respecter et \u00e0 respecter scrupuleusement les dispositions \u00e9nonc\u00e9es dans les pr\u00e9sentes, ainsi que toute autre disposition l\u00e9gale applicable.<\/p>\n<p>Le fournisseur se r\u00e9serve le droit de modifier tout type d\u2019information pouvant figurer sur le site, sans obligation de conseiller ou d\u2019informer les utilisateurs de ces obligations, \u00e9tant entendu qu&rsquo;il suffit de publier sur le site du fournisseur.<\/p>\n<p><strong>Responsabilit\u00e9<\/strong><\/p>\n<p>Le fournisseur est d\u00e9gag\u00e9 de toute responsabilit\u00e9 r\u00e9sultant des informations publi\u00e9es sur son site web, \u00e0 condition que ces informations aient \u00e9t\u00e9 manipul\u00e9es ou introduites par un tiers.<\/p>\n<p>Le site Web du fournisseur peut utiliser des cookies (petits fichiers d\u2019information que le serveur envoie \u00e0 l\u2019ordinateur de la personne acc\u00e9dant \u00e0 la page) pour s\u2019acquitter de certaines fonctions jug\u00e9es essentielles pour le bon fonctionnement et la bonne visualisation du site. Les cookies utilis\u00e9s sur le site Web sont, en tout \u00e9tat de cause, de nature temporaire dans le seul but de rendre leur transmission ult\u00e9rieure plus efficaces et disparaissent peu de temps apr\u00e8s la fin de la session de l&rsquo;utilisateur. Les cookies ne seront en aucun cas utilis\u00e9s pour collecter des informations personnelles.<\/p>\n<p>\u00c0 partir du site Web du client, il est possible de rediriger vers des sites Web tiers. \u00c9tant donn\u00e9 que le fournisseur ne peut pas toujours contr\u00f4ler le contenu introduit par des tiers sur leurs sites Web, il n\u2019assume aucune responsabilit\u00e9 pour ce contenu. En tout \u00e9tat de cause, le fournisseur d\u00e9clare qu&rsquo;il proc\u00e9dera au retrait imm\u00e9diat de tout contenu susceptible de contrevenir \u00e0 la l\u00e9gislation nationale ou internationale, \u00e0 la moralit\u00e9 ou \u00e0 l&rsquo;ordre public, au retrait imm\u00e9diat de la redirection vers ledit site Web, en informant le destinataire. autorit\u00e9s comp\u00e9tentes le contenu en question.<\/p>\n<p>Le fournisseur n&rsquo;est pas responsable des informations et du contenu stock\u00e9s, \u00e0 titre d&rsquo;exemple, mais ne se limite pas aux forums, discussions en ligne, g\u00e9n\u00e9rateurs de blogs, commentaires, r\u00e9seaux sociaux ou tout autre moyen permettant \u00e0 des tiers de publier du contenu de mani\u00e8re ind\u00e9pendante le site web du fournisseur. Toutefois, et conform\u00e9ment aux dispositions des articles 11 et 16 de la loi LSSI-CE, le fournisseur est mis \u00e0 la disposition de tous les utilisateurs, autorit\u00e9s et forces de s\u00e9curit\u00e9, et collabore activement au retrait ou \u00e0 son retrait. blocage de tous les contenus pouvant affecter ou contrevenir \u00e0 la l\u00e9gislation nationale ou internationale, aux droits de tiers, \u00e0 la moralit\u00e9 et \u00e0 l&rsquo;ordre public. Si l&rsquo;utilisateur estime que le contenu du site Web contient un contenu susceptible d&rsquo;\u00eatre concern\u00e9 par cette classification, veuillez en informer imm\u00e9diatement l&rsquo;administrateur du site Web.<\/p>\n<p>Ce site Web a \u00e9t\u00e9 examin\u00e9 et test\u00e9 pour fonctionner correctement. En principe, le bon fonctionnement peut \u00eatre garanti 365 jours par an et 24 heures par jour. Toutefois, le fournisseur n&rsquo;exclut pas la possibilit\u00e9 de certaines erreurs de programmation ou de causes de force majeure, de catastrophes naturelles, de gr\u00e8ves ou de circonstances similaires rendant impossible l&rsquo;acc\u00e8s au site Web.<\/p>\n<p><strong>Propri\u00e9t\u00e9 intellectuelle et industrielle<\/strong><\/p>\n<p>Le site Web, y compris, sans toutefois s&rsquo;y limiter, sa programmation, son \u00e9dition, sa compilation et d&rsquo;autres \u00e9l\u00e9ments n\u00e9cessaires \u00e0 son fonctionnement, les dessins, logos, textes et \/ ou graphiques sont la propri\u00e9t\u00e9 du fournisseur ou, le cas \u00e9ch\u00e9ant, poss\u00e8dent une licence ou une autorisation expresse par les auteurs. Tous les contenus du site sont d\u00fbment prot\u00e9g\u00e9s par les r\u00e8gles de la propri\u00e9t\u00e9 intellectuelle et industrielle, ainsi que dans les registres publics correspondants.<\/p>\n<p>Quelle que soit leur destination, la reproduction totale ou partielle, l\u2019utilisation, l\u2019exploitation, la distribution et la commercialisation n\u00e9cessitent, dans tous les cas, une autorisation \u00e9crite pr\u00e9alable du fournisseur. Toute utilisation non pr\u00e9alablement autoris\u00e9e par le fournisseur sera consid\u00e9r\u00e9e comme une violation grave des droits de propri\u00e9t\u00e9 intellectuelle ou industrielle de l&rsquo;auteur.<\/p>\n<p>Les dessins, logos, textes et \/ ou graphiques ext\u00e9rieurs au fournisseur et susceptibles d&rsquo;appara\u00eetre sur le site appartiennent \u00e0 leurs propri\u00e9taires respectifs, qui sont eux-m\u00eames responsables de la controverse qui pourrait na\u00eetre \u00e0 leur sujet. En tout \u00e9tat de cause, le prestataire dispose d&rsquo;une autorisation expresse et pr\u00e9alable de leur part.<\/p>\n<p>Le fournisseur n&rsquo;autorise pas express\u00e9ment des tiers \u00e0 rediriger directement vers le contenu sp\u00e9cifique du site web, en aucun cas une redirection vers le site Web principal du fournisseur.<\/p>\n<p>Le fournisseur reconna\u00eet les droits de la propri\u00e9t\u00e9 industrielle et intellectuelle en faveur de ses propri\u00e9taires, sans impliquer leur simple mention ou leur apparition sur le site Web, l&rsquo;existence de droits ou de la responsabilit\u00e9 du fournisseur sur ceux-ci, ni l&rsquo;aval, le parrainage ou la recommandation de la partie. du m\u00eame.<\/p>\n<p>Pour faire tout type d&rsquo;observations concernant d&rsquo;\u00e9ventuelles violations des droits de la propri\u00e9t\u00e9 intellectuelle ou industrielle, ainsi que sur l&rsquo;un des contenus du site, vous pouvez le faire via le courrier \u00e9lectronique suivant info@lesdunessuitesbenidorm.com<\/p>\n<p><strong>Cookies<\/strong><\/p>\n<p>Les cookies sont des fichiers envoy\u00e9s \u00e0 un navigateur via un serveur Web pour enregistrer certaines activit\u00e9s des utilisateurs sur le site. Les cookies que nous installons, nos partenaires commerciaux ou d&rsquo;autres parties lorsque vous visitez ce site Web ne vous reconnaissent pas personnellement en tant qu&rsquo;individu et n&rsquo;endommagent en aucun cas votre appareil. Ils ne reconnaissent que l&rsquo;appareil que vous utilisez, vous permettent d&rsquo;acc\u00e9der \u00e0 plusieurs fonctions importantes du site Web, de conserver des zones priv\u00e9es s\u00e9curis\u00e9es du site Web, de m\u00e9moriser vos pr\u00e9f\u00e9rences, de personnaliser le contenu du site Web de mani\u00e8re plus pertinente et de nous permettre de compter le nombre. des visites que nous recevons sur chaque page et faisons une analyse statistique anonyme pour am\u00e9liorer notre service.<\/p>\n<p>Nous vous informons ici du type de cookies que nous utilisons actuellement sur notre site Web: Google Analytics. Pour activer \/ d\u00e9sactiver les cookies, vous devrez le faire via votre navigateur Internet. Vous pouvez le configurer pour \u00eatre averti sur l&rsquo;\u00e9cran de la r\u00e9ception des cookies et les accepter individuellement ou non, ainsi que pour emp\u00eacher par d\u00e9faut leur installation sur votre disque dur. Dans le cas o\u00f9 votre navigateur n&rsquo;accepte pas les cookies par d\u00e9faut, votre exp\u00e9rience sur le site Web pourrait \u00eatre limit\u00e9e (par exemple, vous ne pourrez peut-\u00eatre pas effectuer un achat de mani\u00e8re satisfaisante).<\/p>\n<p><strong>Protection des donn\u00e9es personnelles<\/strong><\/p>\n<p>Le prestataire est profond\u00e9ment attach\u00e9 au respect de la r\u00e9glementation espagnole en mati\u00e8re de protection des donn\u00e9es \u00e0 caract\u00e8re personnel et du R\u00c8GLEMENT (UE) 2016\/679 DU PARLEMENT EUROP\u00c9EN ET DU CONSEIL du 27 avril 2016 et garantit le plein respect des obligations \u00e9nonc\u00e9es. .<\/p>\n<p>Le fournisseur propose aux utilisateurs une clause informative les informant lorsqu&rsquo;ils fournissent leurs donn\u00e9es personnelles.<\/p>\n<p>Lorsque des donn\u00e9es personnelles sont collect\u00e9es sur http:\/\/www.lesdunessuitesbenidorm.com, il appartient \u00e0 l&rsquo;utilisateur de remplir les formulaires avec des informations fausses, inexactes, incompl\u00e8tes ou p\u00e9rim\u00e9es, en \u00e9tant inform\u00e9 pr\u00e9alablement de mani\u00e8re claire et transparente. sans \u00e9quivoque, que les donn\u00e9es personnelles fournies seront trait\u00e9es afin de vous envoyer de la publicit\u00e9 en rapport avec nos produits et services par tout moyen (postal, email ou t\u00e9l\u00e9phone) et de vous inviter \u00e0 des \u00e9v\u00e9nements organis\u00e9s par la soci\u00e9t\u00e9. Les donn\u00e9es fournies seront conserv\u00e9es jusqu&rsquo;\u00e0 ce que vous demandiez la cessation de l&rsquo;activit\u00e9. Les donn\u00e9es ne seront pas transmises \u00e0 des tiers, sauf dans les cas d&rsquo;obligation l\u00e9gale. Vous avez le droit d&rsquo;obtenir la confirmation si, chez Inmobiliaria Les Dunes S.L. Nous traitons vos donn\u00e9es personnelles afin que vous ayez le droit d&rsquo;acc\u00e9der \u00e0 vos donn\u00e9es personnelles, de rectifier les donn\u00e9es inexactes ou de demander leur suppression lorsque les donn\u00e9es ne sont plus n\u00e9cessaires aux fins qui ont \u00e9t\u00e9 collect\u00e9es.<\/p>\n<p>\u00ab\u00a0\u00a0\u00bb CLIENT \u00ab\u00a0inclura votre e-mail pour la r\u00e9alisation de segmentations ou de profils personnels. Nous vous enverrons \u00e9galement des informations \u00e0 l&rsquo;aide du courrier \u00e9lectronique que vous nous avez indiqu\u00e9.<\/p>\n<p>\u00c0 tout moment, vous pouvez r\u00e9voquer ce consentement en envoyant un courrier \u00e9lectronique avec l\u2019indication \u00ab\u00a0Informations relatives au consentement de r\u00e9vocation\u00a0\u00bb \u00e0 l\u2019adresse suivante: info@lesdunessuitesbenidorm.com.El L\u2019utilisateur et le cessionnaire des donn\u00e9es personnelles peuvent exercer leurs droits d\u2019acc\u00e8s, de rectification, d\u2019annulation et de modification. opposition en \u00e9crivant \u00e0:<\/p>\n<p>Inmobiliaria Les Dunes S.L. R\u00e9f protection des donn\u00e9es<br \/>\nAvda. Madrid, 10, 03503\u00a0\u00a0 Benidorm<br \/>\n966804403, 966805106,\u00a0 <a href=\"mailto:info@lesdunessuitesbenidorm.com\">info@lesdunessuitesbenidorm.com<\/a><\/p>\n<p>compris dans la preuve \u00e9crite de l&rsquo;identit\u00e9 du p\u00e9titionnaire.<\/p>\n<p>Si vous avez des questions ou des commentaires sur la mani\u00e8re dont \u00ab\u00a0CLIENT\u00a0\u00bb utilise les donn\u00e9es de ses utilisateurs, \u00e9crivez \u00e0 l&rsquo;adresse \u00e9lectronique suivante: info@lesdunessuitesbenidorm.com.<\/p>\n<p><strong>Les r\u00e9solutions<\/strong><\/p>\n<p>Pour la r\u00e9solution de tous les litiges ou probl\u00e8mes li\u00e9s \u00e0 ce site Web ou aux activit\u00e9s qui y sont d\u00e9velopp\u00e9es, la l\u00e9gislation espagnole s\u2019applique, \u00e0 laquelle les parties s\u2019engagent express\u00e9ment, \u00e9tant comp\u00e9tente pour r\u00e9gler tous les diff\u00e9rends pouvant survenir ou non. li\u00e9s \u00e0 leur utilisation les cours et tribunaux de Benidorm.<\/p>\n<p><strong>Copyright \u00a9 2018 &#8211; Inmobiliaria Les Dunes S.L.<\/strong><\/p>\n<p>Tous les droits d&rsquo;auteur sont r\u00e9serv\u00e9s par les lois et trait\u00e9s internationaux en mati\u00e8re de propri\u00e9t\u00e9 intellectuelle. Il est express\u00e9ment interdit de copier, reproduire ou diffuser, tout ou partie de quelque moyen que ce soit, sans l&rsquo;autorisation \u00e9crite et expresse d&rsquo;Inmobiliaria Les Dunes S.L.<\/p>\n<p>&nbsp;<\/p>\n","protected":false},"excerpt":{"rendered":"<p>Conform\u00e9ment \u00e0 l&rsquo;article 10 de la loi n \u00b0 34\/2002 du 11 juillet sur les services de la soci\u00e9t\u00e9 de l&rsquo;information et du commerce \u00e9lectronique (LSSIC E), les donn\u00e9es d&rsquo;identification de la soci\u00e9t\u00e9 sont pr\u00e9sent\u00e9es ci-dessous. Denominaci\u00f3n social: Inmobiliaria Les Dunes S.L. Num\u00e9ro d&rsquo;identification fiscale: B03341757. Registre du commerce d&rsquo;Alicante Si\u00e9ge social: Avda. Madrid, 10, [&hellip;]<\/p>\n","protected":false},"author":3,"featured_media":0,"parent":0,"menu_order":0,"comment_status":"closed","ping_status":"closed","template":"","meta":{"_et_pb_use_builder":"","_et_pb_old_content":"","_et_gb_content_width":"","footnotes":""},"class_list":["post-1647","page","type-page","status-publish","hentry"],"_links":{"self":[{"href":"https:\/\/www.lesdunessuitesbenidorm.com\/fr\/wp-json\/wp\/v2\/pages\/1647","targetHints":{"allow":["GET"]}}],"collection":[{"href":"https:\/\/www.lesdunessuitesbenidorm.com\/fr\/wp-json\/wp\/v2\/pages"}],"about":[{"href":"https:\/\/www.lesdunessuitesbenidorm.com\/fr\/wp-json\/wp\/v2\/types\/page"}],"author":[{"embeddable":true,"href":"https:\/\/www.lesdunessuitesbenidorm.com\/fr\/wp-json\/wp\/v2\/users\/3"}],"replies":[{"embeddable":true,"href":"https:\/\/www.lesdunessuitesbenidorm.com\/fr\/wp-json\/wp\/v2\/comments?post=1647"}],"version-history":[{"count":1,"href":"https:\/\/www.lesdunessuitesbenidorm.com\/fr\/wp-json\/wp\/v2\/pages\/1647\/revisions"}],"predecessor-version":[{"id":3001,"href":"https:\/\/www.lesdunessuitesbenidorm.com\/fr\/wp-json\/wp\/v2\/pages\/1647\/revisions\/3001"}],"wp:attachment":[{"href":"https:\/\/www.lesdunessuitesbenidorm.com\/fr\/wp-json\/wp\/v2\/media?parent=1647"}],"curies":[{"name":"wp","href":"https:\/\/api.w.org\/{rel}","templated":true}]}}