{"id":1642,"date":"2018-05-30T10:15:20","date_gmt":"2018-05-30T08:15:20","guid":{"rendered":"https:\/\/www.lesdunessuitesbenidorm.com\/politica-de-cookies\/"},"modified":"2019-04-05T15:31:37","modified_gmt":"2019-04-05T13:31:37","slug":"politique-de-cookies","status":"publish","type":"page","link":"https:\/\/www.lesdunessuitesbenidorm.com\/fr\/politique-de-cookies\/","title":{"rendered":"Politique de cookies"},"content":{"rendered":"<p>D\u00e9finition et fonction des cookies<\/p>\n<p><strong>Qu&rsquo;est-ce qu&rsquo;un cookie?<\/strong><\/p>\n<p>Un cookie est un petit fichier texte stock\u00e9 sur votre ordinateur \/ smartphone \/ tablette lorsque vous acc\u00e9dez aux pages Web. Les cookies permettent, entre autres, \u00e0 un site Web de stocker et de r\u00e9cup\u00e9rer des informations sur les habitudes de navigation d\u2019un utilisateur ou de son ordinateur et, en fonction des informations qu\u2019il contient et de son utilisation, de l\u2019utiliser pour: reconna\u00eetre l&rsquo;utilisateur.<\/p>\n<p><strong>Quels types de cookies sont utilis\u00e9s sur ce site?<\/strong><\/p>\n<p>Cookies techniques:<\/p>\n<p>Celles-ci sont cr\u00e9\u00e9es et g\u00e9r\u00e9es exclusivement par nous, et permettent \u00e0 l&rsquo;utilisateur de naviguer sur notre site web et d&rsquo;utiliser les diff\u00e9rentes options, par exemple identifier la session, des informations personnalis\u00e9es ou un acc\u00e8s \u00e0 des zones restreintes. soit par nous-m\u00eames, soit par un tiers, quantifiez le nombre d&rsquo;utilisateurs et par cons\u00e9quent, mesurez pour l&rsquo;analyse statistique de la mani\u00e8re dont les utilisateurs utilisent le service offert. Nous analysons la navigation sur notre site afin d&rsquo;am\u00e9liorer l&rsquo;exp\u00e9rience utilisateur Immobilier Les Dunes S.L. n&rsquo;a pas de cookies publicitaires tiers.<\/p>\n<p><strong>Comment d\u00e9sactiver les cookies?<\/strong><\/p>\n<p>Vous pouvez autoriser, bloquer ou supprimer les cookies sur votre ordinateur en configurant les options du navigateur.<\/p>\n<p>&nbsp;<\/p>\n<ul>\n<li>Pour plus d&rsquo;informations sur Google Chrome &#8211;<a href=\"https:\/\/support.google.com\/chrome\/answer\/95647?hl=es\" target=\"_blank\" rel=\"noopener\"><strong>haga clic aqu\u00ed<\/strong><\/a><\/li>\n<li>Pour plus d&rsquo;informations sur Firefox &#8211;<a href=\"https:\/\/support.mozilla.org\/es\/kb\/Borrar%20cookies\" target=\"_blank\" rel=\"noopener\"><strong>haga clic aqu\u00ed<\/strong><\/a><\/li>\n<li>Pour plus d&rsquo;informations sur Opera &#8211; <a href=\"http:\/\/help.opera.com\/Linux\/10.60\/es-ES\/cookies.html\" target=\"_blank\" rel=\"noopener\"><strong>haga clic aqu\u00ed<\/strong><\/a><\/li>\n<li>Pour plus d&rsquo;informations sur Internet Explorer &#8211;<a href=\"http:\/\/windows.microsoft.com\/es-es\/windows7\/how-to-manage-cookies-in-internet-explorer-9\" target=\"_blank\" rel=\"noopener\"><strong>haga clic aqu\u00ed<\/strong><\/a><\/li>\n<li>Pour plus d&rsquo;informations sur Safari &#8211;<a href=\"http:\/\/support.apple.com\/kb\/ht1677?viewlocale=es_ES\" target=\"_blank\" rel=\"noopener\"><strong>haga clic aqu\u00ed<\/strong><\/a><\/li>\n<\/ul>\n<p>&nbsp;<\/p>\n<p>Les informations stock\u00e9es dans les cookies de notre site Web sont exclusivement utilis\u00e9es \u00e0 des fins statistiques, \u00e0 l&rsquo;exception de Google Analytics, qui est \u00e9galement utilis\u00e9 et g\u00e9r\u00e9 par Google.<\/p>\n<p>&nbsp;<\/p>\n<p>Si tiene alguna pregunta sobre esta pol\u00edtica de cookies, puede comprobar nuestro <a href=\"https:\/\/www.lesdunessuitesbenidorm.com\/aviso-legal\/\"><strong>aviso legal<\/strong><\/a><\/p>\n","protected":false},"excerpt":{"rendered":"<p>D\u00e9finition et fonction des cookies Qu&rsquo;est-ce qu&rsquo;un cookie? Un cookie est un petit fichier texte stock\u00e9 sur votre ordinateur \/ smartphone \/ tablette lorsque vous acc\u00e9dez aux pages Web. Les cookies permettent, entre autres, \u00e0 un site Web de stocker et de r\u00e9cup\u00e9rer des informations sur les habitudes de navigation d\u2019un utilisateur ou de son [&hellip;]<\/p>\n","protected":false},"author":3,"featured_media":0,"parent":0,"menu_order":0,"comment_status":"closed","ping_status":"closed","template":"","meta":{"_et_pb_use_builder":"","_et_pb_old_content":"","_et_gb_content_width":"","footnotes":""},"class_list":["post-1642","page","type-page","status-publish","hentry"],"_links":{"self":[{"href":"https:\/\/www.lesdunessuitesbenidorm.com\/fr\/wp-json\/wp\/v2\/pages\/1642","targetHints":{"allow":["GET"]}}],"collection":[{"href":"https:\/\/www.lesdunessuitesbenidorm.com\/fr\/wp-json\/wp\/v2\/pages"}],"about":[{"href":"https:\/\/www.lesdunessuitesbenidorm.com\/fr\/wp-json\/wp\/v2\/types\/page"}],"author":[{"embeddable":true,"href":"https:\/\/www.lesdunessuitesbenidorm.com\/fr\/wp-json\/wp\/v2\/users\/3"}],"replies":[{"embeddable":true,"href":"https:\/\/www.lesdunessuitesbenidorm.com\/fr\/wp-json\/wp\/v2\/comments?post=1642"}],"version-history":[{"count":0,"href":"https:\/\/www.lesdunessuitesbenidorm.com\/fr\/wp-json\/wp\/v2\/pages\/1642\/revisions"}],"wp:attachment":[{"href":"https:\/\/www.lesdunessuitesbenidorm.com\/fr\/wp-json\/wp\/v2\/media?parent=1642"}],"curies":[{"name":"wp","href":"https:\/\/api.w.org\/{rel}","templated":true}]}}