{"id":659,"date":"2018-06-08T12:02:53","date_gmt":"2018-06-08T10:02:53","guid":{"rendered":"https:\/\/www.lesdunessuitesbenidorm.com\/?page_id=659"},"modified":"2018-06-08T12:02:53","modified_gmt":"2018-06-08T10:02:53","slug":"cookies-policy","status":"publish","type":"page","link":"https:\/\/www.lesdunessuitesbenidorm.com\/en\/cookies-policy\/","title":{"rendered":"Cookies policy"},"content":{"rendered":"<p><span id=\"result_box\" class=\"\" lang=\"en\" tabindex=\"-1\"><span title=\"Pol\u00edtica de Cookies\n\n\"><strong>Cookies policy<\/strong><\/p>\n<p><\/span><span title=\"Definici\u00f3n y funci\u00f3n de las cookies\n\n\">Definition and function of cookies<\/p>\n<p><\/span><span title=\"\u00bfQu\u00e9 es una cookie?\n\n\"><strong>What is a cookie?<\/strong><\/p>\n<p><\/span><span title=\"Una cookie es un peque\u00f1o archivo de texto que se almacena en su ordenador \/ tel\u00e9fono inteligente \/ tableta cuando se accede a las p\u00e1ginas web.\">A cookie is a small text file that is stored on your computer \/ smartphone \/ tablet when you access the web pages. <\/span><span title=\"Las cookies permiten que un sitio web, entre otras cosas, para almacenar y recuperar informaci\u00f3n acerca de los h\u00e1bitos de navegaci\u00f3n de un usuario o de su equipo y, dependiendo de la informaci\u00f3n que contiene y el modo de usar el ordenador, se puede utilizar para\">Cookies allow a website, among other things, to store and retrieve information about the browsing habits of a user or their computer and, depending on the information it contains and how to use the computer, it can be used to <\/span><span title=\"reconocer al usuario.\n\n\">recognize the user.<\/p>\n<p><\/span><span title=\"\u00bfQu\u00e9 tipos de cookies se utilizan en este sitio web?\n\n\"><strong>What types of cookies are used on this website?<\/strong><\/p>\n<p><\/span><span title=\"Galletas t\u00e9cnicas: Estos son creados y administrados exclusivamente por nosotros, y permitir al usuario navegar a trav\u00e9s de nuestro sitio web y utilizar las distintas opciones, por ejemplo, identificar la sesi\u00f3n, informaci\u00f3n personalizada o el acceso a las \u00e1reas restringidas.\n\n\">Cookies: These are created and managed exclusively by us, and allow the user to browse through our website and use the different options, for example, identify the session, personalized information or access to restricted areas.<\/p>\n<p><\/span><span title=\"Galletas anal\u00edticas: Aquellos que, ya sea por nosotros mismos o por un tercero, cuantificar el n\u00famero de usuarios y por lo tanto miden para el an\u00e1lisis estad\u00edstico de c\u00f3mo los usuarios utilizan el servicio ofrecido.\">Analytical cookies: Those that, either by ourselves or by a third party, quantify the number of users and therefore measure for the statistical analysis of how users use the service offered. <\/span><span title=\"Analizamos la navegaci\u00f3n en nuestro sitio web para mejorar la experiencia del usuario.\n\n\">We analyze the navigation on our website to improve the user experience.<\/p>\n<p><\/span><span title=\"Inmobiliaria Les Dunes S.L.\">Real Estate Les Dunes S.L. <\/span><span title=\"no tiene cookies de publicidad de terceros.\n\n\">does not have third-party advertising cookies.<\/p>\n<p><\/span><span title=\"\u00bfC\u00f3mo desactivar las cookies?\n\n\"><strong>How to deactivate cookies?<\/strong><\/p>\n<p><\/span><span title=\"Puede permitir, bloquear o eliminar las cookies en su ordenador configurando las opciones del navegador.\n\n    \">You can allow, block or delete cookies on your computer by configuring browser options.<\/p>\n<p><\/span><span title=\"Para obtener m\u00e1s informaci\u00f3n sobre Google Chrome -haga clic aqu\u00ed\n    \">For more information about Google Chrome &#8211; <a href=\"https:\/\/support.google.com\/chrome\/answer\/95647?hl=en\" target=\"_blank\" rel=\"noopener\">click here<\/a><br \/>\n<\/span><span title=\"Para obtener m\u00e1s informaci\u00f3n acerca de Firefox -haga clic aqu\u00ed\n    \">For more information about Firefox &#8211; <a href=\"https:\/\/support.mozilla.org\/en-US\/kb\/delete-cookies-remove-info-websites-stored\" target=\"_blank\" rel=\"noopener\">click here<\/a><br \/>\n<\/span><span title=\"Para obtener m\u00e1s informaci\u00f3n acerca de Opera - haga clic aqu\u00ed\n    \">For more information about Opera &#8211; <a href=\"http:\/\/help.opera.com\/opera\/Mac\/2393\/en\/controlPages.html#manageCookies\" target=\"_blank\" rel=\"noopener\">click here<\/a><br \/>\n<\/span><span title=\"Para obtener m\u00e1s informaci\u00f3n acerca de Internet Explorer -haga clic aqu\u00ed\n    \">For more information about Internet Explorer &#8211; <a href=\"https:\/\/support.microsoft.com\/en-us\/help\/17442\/windows-internet-explorer-delete-manage-cookies\" target=\"_blank\" rel=\"noopener\">click here<\/a><br \/>\n<\/span><span title=\"Para obtener m\u00e1s informaci\u00f3n sobre Safari -haga clic aqu\u00ed\n\n\">For more information about Safari &#8211; <a href=\"https:\/\/support.apple.com\/en-gb\/HT201265\" target=\"_blank\" rel=\"noopener\">click here<\/a><\/p>\n<p><\/span><span title=\"La informaci\u00f3n almacenada en las cookies de nuestro sitio web se utiliza exclusivamente por nosotros para fines estad\u00edsticos, a excepci\u00f3n de los de Google Analytics, que tambi\u00e9n se utiliza y est\u00e1 gestionado por Google.\n\n\">The information stored in the cookies of our website is used exclusively by us for statistical purposes, with the exception of Google Analytics, which is also used and managed by Google.<\/p>\n<p><\/span><span title=\"Si tiene alguna pregunta sobre esta pol\u00edtica de cookies, puede comprobar nuestro aviso legal\">If you have any questions about this cookie policy, you can check our legal notice<\/span><\/span><\/p>\n","protected":false},"excerpt":{"rendered":"<p>Cookies policy Definition and function of cookies What is a cookie? A cookie is a small text file that is stored on your computer \/ smartphone \/ tablet when you access the web pages. Cookies allow a website, among other things, to store and retrieve information about the browsing habits of a user or their [&hellip;]<\/p>\n","protected":false},"author":3,"featured_media":0,"parent":0,"menu_order":0,"comment_status":"closed","ping_status":"closed","template":"","meta":{"_et_pb_use_builder":"","_et_pb_old_content":"","_et_gb_content_width":"","footnotes":""},"class_list":["post-659","page","type-page","status-publish","hentry"],"_links":{"self":[{"href":"https:\/\/www.lesdunessuitesbenidorm.com\/en\/wp-json\/wp\/v2\/pages\/659","targetHints":{"allow":["GET"]}}],"collection":[{"href":"https:\/\/www.lesdunessuitesbenidorm.com\/en\/wp-json\/wp\/v2\/pages"}],"about":[{"href":"https:\/\/www.lesdunessuitesbenidorm.com\/en\/wp-json\/wp\/v2\/types\/page"}],"author":[{"embeddable":true,"href":"https:\/\/www.lesdunessuitesbenidorm.com\/en\/wp-json\/wp\/v2\/users\/3"}],"replies":[{"embeddable":true,"href":"https:\/\/www.lesdunessuitesbenidorm.com\/en\/wp-json\/wp\/v2\/comments?post=659"}],"version-history":[{"count":0,"href":"https:\/\/www.lesdunessuitesbenidorm.com\/en\/wp-json\/wp\/v2\/pages\/659\/revisions"}],"wp:attachment":[{"href":"https:\/\/www.lesdunessuitesbenidorm.com\/en\/wp-json\/wp\/v2\/media?parent=659"}],"curies":[{"name":"wp","href":"https:\/\/api.w.org\/{rel}","templated":true}]}}